{"id":95,"date":"2020-09-27T18:46:09","date_gmt":"2020-09-27T18:46:09","guid":{"rendered":"https:\/\/jkpvisoko.ba\/?page_id=95"},"modified":"2020-09-27T19:00:14","modified_gmt":"2020-09-27T19:00:14","slug":"misija-i-vizija","status":"publish","type":"page","link":"https:\/\/jkpvisoko.ba\/?page_id=95","title":{"rendered":"Misija i Vizija"},"content":{"rendered":"\t\t<div data-elementor-type=\"wp-page\" data-elementor-id=\"95\" class=\"elementor elementor-95\" data-elementor-post-type=\"page\">\n\t\t\t\t\t\t<section class=\"elementor-section elementor-top-section elementor-element elementor-element-13d03044 elementor-section-content-middle elementor-section-boxed elementor-section-height-default elementor-section-height-default\" data-id=\"13d03044\" data-element_type=\"section\">\n\t\t\t\t\t\t<div class=\"elementor-container elementor-column-gap-default\">\n\t\t\t\t\t<div class=\"elementor-column elementor-col-50 elementor-top-column elementor-element elementor-element-3dc7f067\" data-id=\"3dc7f067\" data-element_type=\"column\" data-settings=\"{&quot;background_background&quot;:&quot;classic&quot;}\">\n\t\t\t<div class=\"elementor-widget-wrap elementor-element-populated\">\n\t\t\t\t\t\t<div class=\"elementor-element elementor-element-37c4a706 elementor-widget elementor-widget-heading\" data-id=\"37c4a706\" data-element_type=\"widget\" data-widget_type=\"heading.default\">\n\t\t\t\t<div class=\"elementor-widget-container\">\n\t\t\t\t\t<h2 class=\"elementor-heading-title elementor-size-large\">Misija &amp; vizija<\/h2>\t\t\t\t<\/div>\n\t\t\t\t<\/div>\n\t\t\t\t<div class=\"elementor-element elementor-element-62d10a01 elementor-widget elementor-widget-text-editor\" data-id=\"62d10a01\" data-element_type=\"widget\" data-widget_type=\"text-editor.default\">\n\t\t\t\t<div class=\"elementor-widget-container\">\n\t\t\t\t\t\t\t\t\t<p><span style=\"font-family: Arial, sans-serif; font-size: 12pt;\">Preduze\u0107e Javno komunalno preduze\u0107e \u201cVisoko\u201c Visoko komunalne djelatnosti izvodi u skladu sa savremenim svjetskim standardima za ovu oblast.<\/span><br \/><span style=\"color: #595858; font-family: Arial, sans-serif; font-size: 12pt;\">Unapre\u0111enja u radu se uvode vode\u0107i ra\u010duna o kratkoro\u010dnim i dugoro\u010dnim interesima gra\u0111ana i realnim potencijalima preduze\u0107a.<\/span><\/p>\t\t\t\t\t\t\t\t<\/div>\n\t\t\t\t<\/div>\n\t\t\t\t\t<\/div>\n\t\t<\/div>\n\t\t\t\t<div class=\"elementor-column elementor-col-50 elementor-top-column elementor-element elementor-element-61bf492c\" data-id=\"61bf492c\" data-element_type=\"column\">\n\t\t\t<div class=\"elementor-widget-wrap elementor-element-populated\">\n\t\t\t\t\t\t<div class=\"elementor-element elementor-element-5597151b elementor-vertical-align-middle elementor-widget elementor-widget-image-box\" data-id=\"5597151b\" data-element_type=\"widget\" data-widget_type=\"image-box.default\">\n\t\t\t\t<div class=\"elementor-widget-container\">\n\t\t\t\t\t<div class=\"elementor-image-box-wrapper\"><div class=\"elementor-image-box-content\"><h3 class=\"elementor-image-box-title\">MISIJA PREDUZE\u0106A<\/h3><p class=\"elementor-image-box-description\"><b><i>\"Misija preduze\u0107a je organizovano, svakodnevno prikupljanje, transport i odlaganje industrijskog i komunalnog otpada, upravljanje, odr\u017eavanje i izgradnja vodovodnih i kanalizacionih sistema, te \u010di\u0161\u0107enje ulica tokom cijele godine.                                                                                                                                                                                                                        \u201d <\/i><\/b><\/p><\/div><\/div>\t\t\t\t<\/div>\n\t\t\t\t<\/div>\n\t\t\t\t<div class=\"elementor-element elementor-element-2fa85574 elementor-vertical-align-middle elementor-widget elementor-widget-image-box\" data-id=\"2fa85574\" data-element_type=\"widget\" data-widget_type=\"image-box.default\">\n\t\t\t\t<div class=\"elementor-widget-container\">\n\t\t\t\t\t<div class=\"elementor-image-box-wrapper\"><div class=\"elementor-image-box-content\"><h3 class=\"elementor-image-box-title\">VIZIJA PREDUZE\u0106A<\/h3><p class=\"elementor-image-box-description\"><b><i>\"Vizija preduze\u0107a Jkp \u201cVisoko\u201c Visoko je stalno unapre\u0111enje kvaliteta komunalnih djelatnosti. Stalno odr\u017eavanje i nabavka nove, savremenije opreme je ugra\u0111eno u sve dugoro\u010dne planove preduze\u0107a.\n<\/i><\/b><\/p><\/div><\/div>\t\t\t\t<\/div>\n\t\t\t\t<\/div>\n\t\t\t\t\t<\/div>\n\t\t<\/div>\n\t\t\t\t\t<\/div>\n\t\t<\/section>\n\t\t\t\t<\/div>\n\t\t","protected":false},"excerpt":{"rendered":"<p>Misija &amp; vizija Preduze\u0107e Javno komunalno preduze\u0107e \u201cVisoko\u201c Visoko komunalne djelatnosti izvodi u skladu sa savremenim svjetskim standardima za ovu oblast.Unapre\u0111enja u radu se uvode vode\u0107i ra\u010duna o kratkoro\u010dnim i dugoro\u010dnim interesima gra\u0111ana i realnim potencijalima preduze\u0107a. MISIJA PREDUZE\u0106A &#8220;Misija preduze\u0107a je organizovano, svakodnevno prikupljanje, transport i odlaganje industrijskog i komunalnog otpada, upravljanje, odr\u017eavanje i [&hellip;]<\/p>\n","protected":false},"author":1,"featured_media":0,"parent":0,"menu_order":0,"comment_status":"closed","ping_status":"closed","template":"","meta":{"content-type":"","footnotes":""},"class_list":["post-95","page","type-page","status-publish","hentry"],"yoast_head":"<!-- This site is optimized with the Yoast SEO plugin v22.3 - https:\/\/yoast.com\/wordpress\/plugins\/seo\/ -->\n<title>Misija i Vizija - JKP Visoko<\/title>\n<meta name=\"robots\" content=\"index, follow, max-snippet:-1, max-image-preview:large, max-video-preview:-1\" \/>\n<link rel=\"canonical\" href=\"https:\/\/jkpvisoko.ba\/?page_id=95\" \/>\n<meta property=\"og:locale\" content=\"bs_BA\" \/>\n<meta property=\"og:type\" content=\"article\" \/>\n<meta property=\"og:title\" content=\"Misija i Vizija - JKP Visoko\" \/>\n<meta property=\"og:description\" content=\"Misija &amp; vizija Preduze\u0107e Javno komunalno preduze\u0107e \u201cVisoko\u201c Visoko komunalne djelatnosti izvodi u skladu sa savremenim svjetskim standardima za ovu oblast.Unapre\u0111enja u radu se uvode vode\u0107i ra\u010duna o kratkoro\u010dnim i dugoro\u010dnim interesima gra\u0111ana i realnim potencijalima preduze\u0107a. MISIJA PREDUZE\u0106A &#8220;Misija preduze\u0107a je organizovano, svakodnevno prikupljanje, transport i odlaganje industrijskog i komunalnog otpada, upravljanje, odr\u017eavanje i [&hellip;]\" \/>\n<meta property=\"og:url\" content=\"https:\/\/jkpvisoko.ba\/?page_id=95\" \/>\n<meta property=\"og:site_name\" content=\"JKP Visoko\" \/>\n<meta property=\"article:modified_time\" content=\"2020-09-27T19:00:14+00:00\" \/>\n<meta name=\"twitter:card\" content=\"summary_large_image\" \/>\n<meta name=\"twitter:label1\" content=\"Est. reading time\" \/>\n\t<meta name=\"twitter:data1\" content=\"1 minuta\" \/>\n<script type=\"application\/ld+json\" class=\"yoast-schema-graph\">{\"@context\":\"https:\/\/schema.org\",\"@graph\":[{\"@type\":\"WebPage\",\"@id\":\"https:\/\/jkpvisoko.ba\/?page_id=95\",\"url\":\"https:\/\/jkpvisoko.ba\/?page_id=95\",\"name\":\"Misija i Vizija - JKP Visoko\",\"isPartOf\":{\"@id\":\"https:\/\/jkpvisoko.ba\/#website\"},\"datePublished\":\"2020-09-27T18:46:09+00:00\",\"dateModified\":\"2020-09-27T19:00:14+00:00\",\"breadcrumb\":{\"@id\":\"https:\/\/jkpvisoko.ba\/?page_id=95#breadcrumb\"},\"inLanguage\":\"bs-BA\",\"potentialAction\":[{\"@type\":\"ReadAction\",\"target\":[\"https:\/\/jkpvisoko.ba\/?page_id=95\"]}]},{\"@type\":\"BreadcrumbList\",\"@id\":\"https:\/\/jkpvisoko.ba\/?page_id=95#breadcrumb\",\"itemListElement\":[{\"@type\":\"ListItem\",\"position\":1,\"name\":\"Home\",\"item\":\"https:\/\/jkpvisoko.ba\/\"},{\"@type\":\"ListItem\",\"position\":2,\"name\":\"Misija i Vizija\"}]},{\"@type\":\"WebSite\",\"@id\":\"https:\/\/jkpvisoko.ba\/#website\",\"url\":\"https:\/\/jkpvisoko.ba\/\",\"name\":\"JKP Visoko\",\"description\":\"Zvani\u010dna stranica za Javno komunalno preduze\u0107e &quot;Visoko&quot;\",\"potentialAction\":[{\"@type\":\"SearchAction\",\"target\":{\"@type\":\"EntryPoint\",\"urlTemplate\":\"https:\/\/jkpvisoko.ba\/?s={search_term_string}\"},\"query-input\":\"required name=search_term_string\"}],\"inLanguage\":\"bs-BA\"}]}<\/script>\n<!-- \/ Yoast SEO plugin. -->","yoast_head_json":{"title":"Misija i Vizija - JKP Visoko","robots":{"index":"index","follow":"follow","max-snippet":"max-snippet:-1","max-image-preview":"max-image-preview:large","max-video-preview":"max-video-preview:-1"},"canonical":"https:\/\/jkpvisoko.ba\/?page_id=95","og_locale":"bs_BA","og_type":"article","og_title":"Misija i Vizija - JKP Visoko","og_description":"Misija &amp; vizija Preduze\u0107e Javno komunalno preduze\u0107e \u201cVisoko\u201c Visoko komunalne djelatnosti izvodi u skladu sa savremenim svjetskim standardima za ovu oblast.Unapre\u0111enja u radu se uvode vode\u0107i ra\u010duna o kratkoro\u010dnim i dugoro\u010dnim interesima gra\u0111ana i realnim potencijalima preduze\u0107a. MISIJA PREDUZE\u0106A &#8220;Misija preduze\u0107a je organizovano, svakodnevno prikupljanje, transport i odlaganje industrijskog i komunalnog otpada, upravljanje, odr\u017eavanje i [&hellip;]","og_url":"https:\/\/jkpvisoko.ba\/?page_id=95","og_site_name":"JKP Visoko","article_modified_time":"2020-09-27T19:00:14+00:00","twitter_card":"summary_large_image","twitter_misc":{"Est. reading time":"1 minuta"},"schema":{"@context":"https:\/\/schema.org","@graph":[{"@type":"WebPage","@id":"https:\/\/jkpvisoko.ba\/?page_id=95","url":"https:\/\/jkpvisoko.ba\/?page_id=95","name":"Misija i Vizija - JKP Visoko","isPartOf":{"@id":"https:\/\/jkpvisoko.ba\/#website"},"datePublished":"2020-09-27T18:46:09+00:00","dateModified":"2020-09-27T19:00:14+00:00","breadcrumb":{"@id":"https:\/\/jkpvisoko.ba\/?page_id=95#breadcrumb"},"inLanguage":"bs-BA","potentialAction":[{"@type":"ReadAction","target":["https:\/\/jkpvisoko.ba\/?page_id=95"]}]},{"@type":"BreadcrumbList","@id":"https:\/\/jkpvisoko.ba\/?page_id=95#breadcrumb","itemListElement":[{"@type":"ListItem","position":1,"name":"Home","item":"https:\/\/jkpvisoko.ba\/"},{"@type":"ListItem","position":2,"name":"Misija i Vizija"}]},{"@type":"WebSite","@id":"https:\/\/jkpvisoko.ba\/#website","url":"https:\/\/jkpvisoko.ba\/","name":"JKP Visoko","description":"Zvani\u010dna stranica za Javno komunalno preduze\u0107e &quot;Visoko&quot;","potentialAction":[{"@type":"SearchAction","target":{"@type":"EntryPoint","urlTemplate":"https:\/\/jkpvisoko.ba\/?s={search_term_string}"},"query-input":"required name=search_term_string"}],"inLanguage":"bs-BA"}]}},"_links":{"self":[{"href":"https:\/\/jkpvisoko.ba\/index.php?rest_route=\/wp\/v2\/pages\/95","targetHints":{"allow":["GET"]}}],"collection":[{"href":"https:\/\/jkpvisoko.ba\/index.php?rest_route=\/wp\/v2\/pages"}],"about":[{"href":"https:\/\/jkpvisoko.ba\/index.php?rest_route=\/wp\/v2\/types\/page"}],"author":[{"embeddable":true,"href":"https:\/\/jkpvisoko.ba\/index.php?rest_route=\/wp\/v2\/users\/1"}],"replies":[{"embeddable":true,"href":"https:\/\/jkpvisoko.ba\/index.php?rest_route=%2Fwp%2Fv2%2Fcomments&post=95"}],"version-history":[{"count":11,"href":"https:\/\/jkpvisoko.ba\/index.php?rest_route=\/wp\/v2\/pages\/95\/revisions"}],"predecessor-version":[{"id":114,"href":"https:\/\/jkpvisoko.ba\/index.php?rest_route=\/wp\/v2\/pages\/95\/revisions\/114"}],"wp:attachment":[{"href":"https:\/\/jkpvisoko.ba\/index.php?rest_route=%2Fwp%2Fv2%2Fmedia&parent=95"}],"curies":[{"name":"wp","href":"https:\/\/api.w.org\/{rel}","templated":true}]}}