{"id":8512,"date":"2025-02-17T12:19:38","date_gmt":"2025-02-17T12:19:38","guid":{"rendered":"https:\/\/jkpvisoko.ba\/?page_id=8512"},"modified":"2025-02-17T12:38:13","modified_gmt":"2025-02-17T12:38:13","slug":"finansijski-izvjestaj-2021","status":"publish","type":"page","link":"https:\/\/jkpvisoko.ba\/?page_id=8512","title":{"rendered":"Finansijski Izvje\u0161taj &#8211; 2021"},"content":{"rendered":"\t\t<div data-elementor-type=\"wp-page\" data-elementor-id=\"8512\" class=\"elementor elementor-8512\" data-elementor-post-type=\"page\">\n\t\t\t\t\t\t<section class=\"elementor-section elementor-top-section elementor-element elementor-element-561a77af elementor-section-boxed elementor-section-height-default elementor-section-height-default\" data-id=\"561a77af\" data-element_type=\"section\">\n\t\t\t\t\t\t<div class=\"elementor-container elementor-column-gap-default\">\n\t\t\t\t\t<div class=\"elementor-column elementor-col-100 elementor-top-column elementor-element elementor-element-17e11758\" data-id=\"17e11758\" data-element_type=\"column\">\n\t\t\t<div class=\"elementor-widget-wrap elementor-element-populated\">\n\t\t\t\t\t\t<div class=\"elementor-element elementor-element-14c9951d elementor-widget elementor-widget-text-editor\" data-id=\"14c9951d\" data-element_type=\"widget\" data-widget_type=\"text-editor.default\">\n\t\t\t\t<div class=\"elementor-widget-container\">\n\t\t\t\t\t\t\t\t\t<p><a href=\"https:\/\/jkpvisoko.ba\/wp-content\/uploads\/2025\/02\/IZVJESTAJ-REVIK-d.o.o.-2021godina-ENGLESKA-VERZIJA-3.pdf\">\u00a0IZVJE\u0160TAJ REVIK d.o.o. 2021godina ENGLESKA VERZIJA (3)<\/a><\/p><p><a href=\"https:\/\/jkpvisoko.ba\/wp-content\/uploads\/2025\/02\/IZVJESTAJ-REVIK-d.o.o.-2021godina-ENGLESKA-VERZIJA-4.pdf\">IZVJE\u0160TAJ REVIK d.o.o. 2021godina ENGLESKA VERZIJA (4)<\/a><\/p><p><a href=\"https:\/\/jkpvisoko.ba\/wp-content\/uploads\/2025\/02\/IZVJESTAJ-REVIK-d.o.o.-2021godina.pdf\">IZVJE\u0160TAJ REVIK d.o.o. 2021godina<\/a><\/p><p><a href=\"https:\/\/jkpvisoko.ba\/wp-content\/uploads\/2025\/02\/IZVJESTAJ-REVIK-d.o.o.-2021godina-2.pdf\">IZVJE\u0160TAJ REVIK d.o.o. 2021godina (2)<\/a><\/p>\t\t\t\t\t\t\t\t<\/div>\n\t\t\t\t<\/div>\n\t\t\t\t\t<\/div>\n\t\t<\/div>\n\t\t\t\t\t<\/div>\n\t\t<\/section>\n\t\t\t\t<\/div>\n\t\t","protected":false},"excerpt":{"rendered":"<p>\u00a0IZVJE\u0160TAJ REVIK d.o.o. 2021godina ENGLESKA VERZIJA (3) IZVJE\u0160TAJ REVIK d.o.o. 2021godina ENGLESKA VERZIJA (4) IZVJE\u0160TAJ REVIK d.o.o. 2021godina IZVJE\u0160TAJ REVIK d.o.o. 2021godina (2)<\/p>\n","protected":false},"author":3,"featured_media":0,"parent":0,"menu_order":0,"comment_status":"closed","ping_status":"closed","template":"","meta":{"content-type":"","footnotes":""},"class_list":["post-8512","page","type-page","status-publish","hentry"],"yoast_head":"<!-- This site is optimized with the Yoast SEO plugin v22.3 - https:\/\/yoast.com\/wordpress\/plugins\/seo\/ -->\n<title>Finansijski Izvje\u0161taj - 2021 - JKP Visoko<\/title>\n<meta name=\"robots\" content=\"index, follow, max-snippet:-1, max-image-preview:large, max-video-preview:-1\" \/>\n<link rel=\"canonical\" href=\"https:\/\/jkpvisoko.ba\/?page_id=8512\" \/>\n<meta property=\"og:locale\" content=\"bs_BA\" \/>\n<meta property=\"og:type\" content=\"article\" \/>\n<meta property=\"og:title\" content=\"Finansijski Izvje\u0161taj - 2021 - JKP Visoko\" \/>\n<meta property=\"og:description\" content=\"\u00a0IZVJE\u0160TAJ REVIK d.o.o. 2021godina ENGLESKA VERZIJA (3) IZVJE\u0160TAJ REVIK d.o.o. 2021godina ENGLESKA VERZIJA (4) IZVJE\u0160TAJ REVIK d.o.o. 2021godina IZVJE\u0160TAJ REVIK d.o.o. 2021godina (2)\" \/>\n<meta property=\"og:url\" content=\"https:\/\/jkpvisoko.ba\/?page_id=8512\" \/>\n<meta property=\"og:site_name\" content=\"JKP Visoko\" \/>\n<meta property=\"article:modified_time\" content=\"2025-02-17T12:38:13+00:00\" \/>\n<meta name=\"twitter:card\" content=\"summary_large_image\" \/>\n<meta name=\"twitter:label1\" content=\"Est. reading time\" \/>\n\t<meta name=\"twitter:data1\" content=\"1 minuta\" \/>\n<script type=\"application\/ld+json\" class=\"yoast-schema-graph\">{\"@context\":\"https:\/\/schema.org\",\"@graph\":[{\"@type\":\"WebPage\",\"@id\":\"https:\/\/jkpvisoko.ba\/?page_id=8512\",\"url\":\"https:\/\/jkpvisoko.ba\/?page_id=8512\",\"name\":\"Finansijski Izvje\u0161taj - 2021 - JKP Visoko\",\"isPartOf\":{\"@id\":\"https:\/\/jkpvisoko.ba\/#website\"},\"datePublished\":\"2025-02-17T12:19:38+00:00\",\"dateModified\":\"2025-02-17T12:38:13+00:00\",\"breadcrumb\":{\"@id\":\"https:\/\/jkpvisoko.ba\/?page_id=8512#breadcrumb\"},\"inLanguage\":\"bs-BA\",\"potentialAction\":[{\"@type\":\"ReadAction\",\"target\":[\"https:\/\/jkpvisoko.ba\/?page_id=8512\"]}]},{\"@type\":\"BreadcrumbList\",\"@id\":\"https:\/\/jkpvisoko.ba\/?page_id=8512#breadcrumb\",\"itemListElement\":[{\"@type\":\"ListItem\",\"position\":1,\"name\":\"Home\",\"item\":\"https:\/\/jkpvisoko.ba\/\"},{\"@type\":\"ListItem\",\"position\":2,\"name\":\"Finansijski Izvje\u0161taj &#8211; 2021\"}]},{\"@type\":\"WebSite\",\"@id\":\"https:\/\/jkpvisoko.ba\/#website\",\"url\":\"https:\/\/jkpvisoko.ba\/\",\"name\":\"JKP Visoko\",\"description\":\"Zvani\u010dna stranica za Javno komunalno preduze\u0107e &quot;Visoko&quot;\",\"potentialAction\":[{\"@type\":\"SearchAction\",\"target\":{\"@type\":\"EntryPoint\",\"urlTemplate\":\"https:\/\/jkpvisoko.ba\/?s={search_term_string}\"},\"query-input\":\"required name=search_term_string\"}],\"inLanguage\":\"bs-BA\"}]}<\/script>\n<!-- \/ Yoast SEO plugin. -->","yoast_head_json":{"title":"Finansijski Izvje\u0161taj - 2021 - JKP Visoko","robots":{"index":"index","follow":"follow","max-snippet":"max-snippet:-1","max-image-preview":"max-image-preview:large","max-video-preview":"max-video-preview:-1"},"canonical":"https:\/\/jkpvisoko.ba\/?page_id=8512","og_locale":"bs_BA","og_type":"article","og_title":"Finansijski Izvje\u0161taj - 2021 - JKP Visoko","og_description":"\u00a0IZVJE\u0160TAJ REVIK d.o.o. 2021godina ENGLESKA VERZIJA (3) IZVJE\u0160TAJ REVIK d.o.o. 2021godina ENGLESKA VERZIJA (4) IZVJE\u0160TAJ REVIK d.o.o. 2021godina IZVJE\u0160TAJ REVIK d.o.o. 2021godina (2)","og_url":"https:\/\/jkpvisoko.ba\/?page_id=8512","og_site_name":"JKP Visoko","article_modified_time":"2025-02-17T12:38:13+00:00","twitter_card":"summary_large_image","twitter_misc":{"Est. reading time":"1 minuta"},"schema":{"@context":"https:\/\/schema.org","@graph":[{"@type":"WebPage","@id":"https:\/\/jkpvisoko.ba\/?page_id=8512","url":"https:\/\/jkpvisoko.ba\/?page_id=8512","name":"Finansijski Izvje\u0161taj - 2021 - JKP Visoko","isPartOf":{"@id":"https:\/\/jkpvisoko.ba\/#website"},"datePublished":"2025-02-17T12:19:38+00:00","dateModified":"2025-02-17T12:38:13+00:00","breadcrumb":{"@id":"https:\/\/jkpvisoko.ba\/?page_id=8512#breadcrumb"},"inLanguage":"bs-BA","potentialAction":[{"@type":"ReadAction","target":["https:\/\/jkpvisoko.ba\/?page_id=8512"]}]},{"@type":"BreadcrumbList","@id":"https:\/\/jkpvisoko.ba\/?page_id=8512#breadcrumb","itemListElement":[{"@type":"ListItem","position":1,"name":"Home","item":"https:\/\/jkpvisoko.ba\/"},{"@type":"ListItem","position":2,"name":"Finansijski Izvje\u0161taj &#8211; 2021"}]},{"@type":"WebSite","@id":"https:\/\/jkpvisoko.ba\/#website","url":"https:\/\/jkpvisoko.ba\/","name":"JKP Visoko","description":"Zvani\u010dna stranica za Javno komunalno preduze\u0107e &quot;Visoko&quot;","potentialAction":[{"@type":"SearchAction","target":{"@type":"EntryPoint","urlTemplate":"https:\/\/jkpvisoko.ba\/?s={search_term_string}"},"query-input":"required name=search_term_string"}],"inLanguage":"bs-BA"}]}},"_links":{"self":[{"href":"https:\/\/jkpvisoko.ba\/index.php?rest_route=\/wp\/v2\/pages\/8512","targetHints":{"allow":["GET"]}}],"collection":[{"href":"https:\/\/jkpvisoko.ba\/index.php?rest_route=\/wp\/v2\/pages"}],"about":[{"href":"https:\/\/jkpvisoko.ba\/index.php?rest_route=\/wp\/v2\/types\/page"}],"author":[{"embeddable":true,"href":"https:\/\/jkpvisoko.ba\/index.php?rest_route=\/wp\/v2\/users\/3"}],"replies":[{"embeddable":true,"href":"https:\/\/jkpvisoko.ba\/index.php?rest_route=%2Fwp%2Fv2%2Fcomments&post=8512"}],"version-history":[{"count":11,"href":"https:\/\/jkpvisoko.ba\/index.php?rest_route=\/wp\/v2\/pages\/8512\/revisions"}],"predecessor-version":[{"id":8535,"href":"https:\/\/jkpvisoko.ba\/index.php?rest_route=\/wp\/v2\/pages\/8512\/revisions\/8535"}],"wp:attachment":[{"href":"https:\/\/jkpvisoko.ba\/index.php?rest_route=%2Fwp%2Fv2%2Fmedia&parent=8512"}],"curies":[{"name":"wp","href":"https:\/\/api.w.org\/{rel}","templated":true}]}}