{"id":162,"date":"2020-09-27T21:17:19","date_gmt":"2020-09-27T21:17:19","guid":{"rendered":"https:\/\/jkpvisoko.ba\/?page_id=162"},"modified":"2024-10-28T22:14:27","modified_gmt":"2024-10-28T22:14:27","slug":"zahtjevi-i-obrazci","status":"publish","type":"page","link":"https:\/\/jkpvisoko.ba\/?page_id=162","title":{"rendered":"Zahtjevi i obrasci"},"content":{"rendered":"\t\t<div data-elementor-type=\"wp-page\" data-elementor-id=\"162\" class=\"elementor elementor-162\" data-elementor-post-type=\"page\">\n\t\t\t\t\t\t<section class=\"elementor-section elementor-top-section elementor-element elementor-element-7b7d4c4 elementor-section-boxed elementor-section-height-default elementor-section-height-default\" data-id=\"7b7d4c4\" data-element_type=\"section\">\n\t\t\t\t\t\t<div class=\"elementor-container elementor-column-gap-default\">\n\t\t\t\t\t<div class=\"elementor-column elementor-col-100 elementor-top-column elementor-element elementor-element-1e45374\" data-id=\"1e45374\" data-element_type=\"column\">\n\t\t\t<div class=\"elementor-widget-wrap elementor-element-populated\">\n\t\t\t\t\t\t<div class=\"elementor-element elementor-element-44d8e37 elementor-widget elementor-widget-text-editor\" data-id=\"44d8e37\" data-element_type=\"widget\" data-widget_type=\"text-editor.default\">\n\t\t\t\t<div class=\"elementor-widget-container\">\n\t\t\t\t\t\t\t\t\t<p>\u00a0<\/p><hr \/><p><a href=\"https:\/\/jkpvisoko.ba\/wp-content\/uploads\/2024\/04\/ZAHTJEV-ZA-NACELNU-SAGLASNOST-PRIKLJUCENJE-OBJEKTA-NA-VODOVODNU-MREZU-FIZICKA-LICA.docx\">ZAHTJEV ZA NA\u010cELNU SAGLASNOST PRIKLJU\u010cENJE OBJEKTA NA VODOVODNU MRE\u017dU &#8211; FIZI\u010cKA LICA<\/a><\/p><p><br \/><a href=\"https:\/\/jkpvisoko.ba\/wp-content\/uploads\/2024\/04\/ZAHTJEV-ZA-NACELNU-SAGLASNOST-PRIKLJUCENJE-OBJEKTA-NA-VODOVODNU-MREZU-PRAVNA-LICA.docx\">ZAHTJEV ZA NA\u010cELNU SAGLASNOST PRIKLJU\u010cENJE OBJEKTA NA VODOVODNU MRE\u017dU &#8211; PRAVNA LICA<\/a><\/p><p>\u00a0<\/p><p><a href=\"https:\/\/jkpvisoko.ba\/wp-content\/uploads\/2024\/10\/ZAHTJEV-ZA-PRIKLJUCAK-NA-GRADSKU-VODOVODNU-MREZU-FIZICKA-LICA.docx\">ZAHTJEV-ZA-PRIKLJUCAK-NA-GRADSKU-VODOVODNU-MREZU-FIZICKA-LICA<\/a><\/p><p>\u00a0<\/p><p><a href=\"https:\/\/jkpvisoko.ba\/wp-content\/uploads\/2024\/10\/ZAHTJEV-ZA-PRIKLJUCAK-NA-GRADSKU-VODOVODNU-MREZU-PRAVNA-LICA.docx\">ZAHTJEV-ZA-PRIKLJUCAK-NA-GRADSKU-VODOVODNU-MREZU-PRAVNA-LICA<\/a><\/p><p>\u00a0<\/p><p><a href=\"https:\/\/jkpvisoko.ba\/wp-content\/uploads\/2024\/10\/ZAHTJEV-ZA-PRIKLJUCAK-NA-GRADSKU-KANALIZACIONU-MREZU-FIZICKA-LICA.docx\">ZAHTJEV-ZA-PRIKLJUCAK-NA-GRADSKU-KANALIZACIONU-MREZU-FIZICKA-LICA<\/a><\/p><p>\u00a0<\/p><p><a href=\"https:\/\/jkpvisoko.ba\/wp-content\/uploads\/2024\/10\/ZAHTJEV-ZA-PRIKLJUCAK-NA-GRADSKU-KANALIZACIONU-MREZU-PRAVNA-LICA.docx\">ZAHTJEV-ZA-PRIKLJUCAK-NA-GRADSKU-KANALIZACIONU-MREZU-PRAVNA-LICA<\/a><\/p><p><a href=\"https:\/\/jkpvisoko.ba\/wp-content\/uploads\/2024\/04\/IZJAVA-O-DOSTAVI-RACUNA-ZA-KOMUNALNE-USLUGE-ELEKTRONSKIM-PUTEM-PRAVNA-LICA.docx\">IZJAVA O DOSTAVI RA\u010cUNA ZA KOMUNALNE USLUGE ELEKTRONSKIM PUTEM-PRAVNA LICA<\/a><\/p><p>\u00a0<\/p><p><a href=\"https:\/\/jkpvisoko.ba\/wp-content\/uploads\/2024\/04\/IZJAVA-O-DOSTAVI-RACUNA-ZA-KOMUNALNE-USLUGE-ELEKTRONSKIM-PUTEM-FIZICKA-LICA.docx\">IZJAVA O DOSTAVI RA\u010cUNA ZA KOMUNALNE USLUGE ELEKTRONSKIM PUTEM-FIZI\u010cKA LICA<\/a><\/p><p>\u00a0<\/p><p><a href=\"https:\/\/jkpvisoko.ba\/wp-content\/uploads\/2024\/04\/REKLAMACIJA-NA-RACUN-ZA-ODVOZ-KOMUNALNOG-OTPADA.docx\">REKLAMACIJA NA RA\u010cUN ZA ODVOZ KOMUNALNOG OTPADA<\/a><\/p><p>\u00a0<\/p><p><a href=\"https:\/\/jkpvisoko.ba\/wp-content\/uploads\/2024\/04\/REKLAMACIJA-NA-RACUN-ZA-UTROSENU-VODU.docx\">REKLAMACIJA NA RA\u010cUN ZA UTRO\u0160ENU VODU<\/a> <a href=\"https:\/\/jkpvisoko.ba\/wp-content\/uploads\/2024\/04\/ZAHTJEV-ZA-ANGAZOVANJEM-NADZORA-PRAVNA-LICA.docx\">ZAHTJEV ZA ANGA\u017dOVANJEM NADZORA &#8211; PRAVNA LICA<\/a><\/p><p>\u00a0<\/p><p><a href=\"https:\/\/jkpvisoko.ba\/wp-content\/uploads\/2024\/04\/ZAHTJEV-ZA-DOSTAVU-VODE-CISTERNOM-FIZICKA-LICA.docx\">ZAHTJEV ZA DOSTAVU VODE CISTERNOM &#8211; FIZI\u010cKA LICA<\/a><\/p><p>\u00a0<\/p><p><a href=\"https:\/\/jkpvisoko.ba\/wp-content\/uploads\/2024\/04\/ZAHTJEV-ZA-DOSTAVU-VODE-CISTERNOM-PRAVNA-LICA.docx\">ZAHTJEV ZA DOSTAVU VODE CISTERNOM &#8211; PRAVNA LICA<\/a><\/p><p>\u00a0<\/p><p><a href=\"https:\/\/jkpvisoko.ba\/wp-content\/uploads\/2024\/04\/ZAHTJEV-ZA-IZDAVANJE-POTVRDE-FIZICKA-LICA.docx\">ZAHTJEV ZA IZDAVANJE POTVRDE-FIZI\u010cKA LICA<\/a><\/p><p>\u00a0<\/p><p><a href=\"https:\/\/jkpvisoko.ba\/wp-content\/uploads\/2024\/04\/ZAHTJEV-ZA-IZDAVANJE-POTVRDE-PRAVNA-LICA.docx\">ZAHTJEV ZA IZDAVANJE POTVRDE-PRAVNA LICA<\/a><\/p><p>\u00a0<\/p><p><a href=\"https:\/\/jkpvisoko.ba\/wp-content\/uploads\/2024\/04\/ZAHTJEV-ZA-KORISTENJE-USLUGE-ELEKTRONSKOG-RACUNA-FIZICKA-LICA.docx\">ZAHTJEV ZA KORI\u0160TENJE USLUGE ELEKTRONSKOG RA\u010cUNA-FIZI\u010cKA LICA<\/a><\/p><p>\u00a0<\/p><p><a href=\"https:\/\/jkpvisoko.ba\/wp-content\/uploads\/2024\/04\/ZAHTJEV-ZA-KORISTENJE-USLUGE-ELEKTRONSKOG-RACUNA-PRAVNA-LICA.docx\">ZAHTJEV ZA KORI\u0160TENJE USLUGE ELEKTRONSKOG RA\u010cUNA-PRAVNA LICA<br \/><\/a><\/p><p>\u00a0<\/p><p><a href=\"https:\/\/jkpvisoko.ba\/wp-content\/uploads\/2024\/04\/ZAHTJEV-ZA-PROMJENU-BROJA-CLANOVA.docx\">ZAHTJEV ZA PROMJENU BROJA \u010cLANOVA<\/a><\/p><p>\u00a0<\/p><p><a href=\"https:\/\/jkpvisoko.ba\/wp-content\/uploads\/2024\/04\/ZAHTJEV-ZA-PROMJENU-KORISNIKA-USLUGA.docx\">ZAHTJEV ZA PROMJENU KORISNIKA USLUGA<\/a><\/p><p>\u00a0<\/p><p><a href=\"https:\/\/jkpvisoko.ba\/wp-content\/uploads\/2024\/04\/ZAHTJEV-ZA-PROVJERU-ISPRAVNOSTI-VODOMJERA-FIZICKA-LICA.docx\">ZAHTJEV ZA PROVJERU ISPRAVNOSTI VODOMJERA-FIZI\u010cKA LICA<\/a><\/p><p>\u00a0<\/p><p><a href=\"https:\/\/jkpvisoko.ba\/wp-content\/uploads\/2024\/04\/ZAHTJEV-ZA-PROVJERU-ISPRAVNOSTI-VODOMJERA-PRAVNA-LICA.docx\">ZAHTJEV ZA PROVJERU ISPRAVNOSTI VODOMJERA-PRAVNA LICA<\/a><\/p><p>\u00a0<\/p><p><a href=\"https:\/\/jkpvisoko.ba\/wp-content\/uploads\/2024\/04\/ZAHTJEV-ZA-USLUGU-ODVOZA-KONTEJNERA-FIZICKA-LICA.docx\">ZAHTJEV ZA USLUGU ODVOZA KONTEJNERA &#8211; FIZI\u010cKA LICA<\/a><\/p><p>\u00a0<\/p><p><a href=\"https:\/\/jkpvisoko.ba\/wp-content\/uploads\/2024\/04\/ZAHTJEV-ZA-USLUGU-ODVOZA-KONTEJNERA-PRAVNA-LICA.docx\">ZAHTJEV ZA USLUGU ODVOZA KONTEJNERA &#8211; PRAVNA LICA<\/a><\/p><p>\u00a0<\/p><p><a href=\"https:\/\/jkpvisoko.ba\/wp-content\/uploads\/2024\/04\/ZAHTJEV-ZA-USLUGU-PRANJA-CISTERNOM-PRAVNA-LICA.docx\">ZAHTJEV ZA USLUGU PRANJA CISTERNOM &#8211; PRAVNA LICA<\/a><\/p><p>\u00a0<\/p><p><a href=\"https:\/\/jkpvisoko.ba\/wp-content\/uploads\/2024\/04\/ZAHTJEV-ZA-USLUGU-RAZGRTANJA-SNIJEGA-PRAVNA-LICA.docx\">ZAHTJEV ZA USLUGU RAZGRTANJA SNIJEGA-PRAVNA LICA<\/a><\/p>\t\t\t\t\t\t\t\t<\/div>\n\t\t\t\t<\/div>\n\t\t\t\t\t<\/div>\n\t\t<\/div>\n\t\t\t\t\t<\/div>\n\t\t<\/section>\n\t\t\t\t<\/div>\n\t\t","protected":false},"excerpt":{"rendered":"<p>\u00a0 ZAHTJEV ZA NA\u010cELNU SAGLASNOST PRIKLJU\u010cENJE OBJEKTA NA VODOVODNU MRE\u017dU &#8211; FIZI\u010cKA LICA ZAHTJEV ZA NA\u010cELNU SAGLASNOST PRIKLJU\u010cENJE OBJEKTA NA VODOVODNU MRE\u017dU &#8211; PRAVNA LICA \u00a0 ZAHTJEV-ZA-PRIKLJUCAK-NA-GRADSKU-VODOVODNU-MREZU-FIZICKA-LICA \u00a0 ZAHTJEV-ZA-PRIKLJUCAK-NA-GRADSKU-VODOVODNU-MREZU-PRAVNA-LICA \u00a0 ZAHTJEV-ZA-PRIKLJUCAK-NA-GRADSKU-KANALIZACIONU-MREZU-FIZICKA-LICA \u00a0 ZAHTJEV-ZA-PRIKLJUCAK-NA-GRADSKU-KANALIZACIONU-MREZU-PRAVNA-LICA IZJAVA O DOSTAVI RA\u010cUNA ZA KOMUNALNE USLUGE ELEKTRONSKIM PUTEM-PRAVNA LICA \u00a0 IZJAVA O DOSTAVI RA\u010cUNA ZA KOMUNALNE USLUGE ELEKTRONSKIM PUTEM-FIZI\u010cKA LICA \u00a0 [&hellip;]<\/p>\n","protected":false},"author":1,"featured_media":0,"parent":0,"menu_order":0,"comment_status":"closed","ping_status":"closed","template":"","meta":{"content-type":"","footnotes":""},"class_list":["post-162","page","type-page","status-publish","hentry"],"yoast_head":"<!-- This site is optimized with the Yoast SEO plugin v22.3 - https:\/\/yoast.com\/wordpress\/plugins\/seo\/ -->\n<title>Zahtjevi i obrasci - JKP Visoko<\/title>\n<meta name=\"robots\" content=\"index, follow, max-snippet:-1, max-image-preview:large, max-video-preview:-1\" \/>\n<link rel=\"canonical\" href=\"https:\/\/jkpvisoko.ba\/?page_id=162\" \/>\n<meta property=\"og:locale\" content=\"bs_BA\" \/>\n<meta property=\"og:type\" content=\"article\" \/>\n<meta property=\"og:title\" content=\"Zahtjevi i obrasci - JKP Visoko\" \/>\n<meta property=\"og:description\" content=\"\u00a0 ZAHTJEV ZA NA\u010cELNU SAGLASNOST PRIKLJU\u010cENJE OBJEKTA NA VODOVODNU MRE\u017dU &#8211; FIZI\u010cKA LICA ZAHTJEV ZA NA\u010cELNU SAGLASNOST PRIKLJU\u010cENJE OBJEKTA NA VODOVODNU MRE\u017dU &#8211; PRAVNA LICA \u00a0 ZAHTJEV-ZA-PRIKLJUCAK-NA-GRADSKU-VODOVODNU-MREZU-FIZICKA-LICA \u00a0 ZAHTJEV-ZA-PRIKLJUCAK-NA-GRADSKU-VODOVODNU-MREZU-PRAVNA-LICA \u00a0 ZAHTJEV-ZA-PRIKLJUCAK-NA-GRADSKU-KANALIZACIONU-MREZU-FIZICKA-LICA \u00a0 ZAHTJEV-ZA-PRIKLJUCAK-NA-GRADSKU-KANALIZACIONU-MREZU-PRAVNA-LICA IZJAVA O DOSTAVI RA\u010cUNA ZA KOMUNALNE USLUGE ELEKTRONSKIM PUTEM-PRAVNA LICA \u00a0 IZJAVA O DOSTAVI RA\u010cUNA ZA KOMUNALNE USLUGE ELEKTRONSKIM PUTEM-FIZI\u010cKA LICA \u00a0 [&hellip;]\" \/>\n<meta property=\"og:url\" content=\"https:\/\/jkpvisoko.ba\/?page_id=162\" \/>\n<meta property=\"og:site_name\" content=\"JKP Visoko\" \/>\n<meta property=\"article:modified_time\" content=\"2024-10-28T22:14:27+00:00\" \/>\n<meta name=\"twitter:card\" content=\"summary_large_image\" \/>\n<meta name=\"twitter:label1\" content=\"Est. reading time\" \/>\n\t<meta name=\"twitter:data1\" content=\"1 minuta\" \/>\n<script type=\"application\/ld+json\" class=\"yoast-schema-graph\">{\"@context\":\"https:\/\/schema.org\",\"@graph\":[{\"@type\":\"WebPage\",\"@id\":\"https:\/\/jkpvisoko.ba\/?page_id=162\",\"url\":\"https:\/\/jkpvisoko.ba\/?page_id=162\",\"name\":\"Zahtjevi i obrasci - JKP Visoko\",\"isPartOf\":{\"@id\":\"https:\/\/jkpvisoko.ba\/#website\"},\"datePublished\":\"2020-09-27T21:17:19+00:00\",\"dateModified\":\"2024-10-28T22:14:27+00:00\",\"breadcrumb\":{\"@id\":\"https:\/\/jkpvisoko.ba\/?page_id=162#breadcrumb\"},\"inLanguage\":\"bs-BA\",\"potentialAction\":[{\"@type\":\"ReadAction\",\"target\":[\"https:\/\/jkpvisoko.ba\/?page_id=162\"]}]},{\"@type\":\"BreadcrumbList\",\"@id\":\"https:\/\/jkpvisoko.ba\/?page_id=162#breadcrumb\",\"itemListElement\":[{\"@type\":\"ListItem\",\"position\":1,\"name\":\"Home\",\"item\":\"https:\/\/jkpvisoko.ba\/\"},{\"@type\":\"ListItem\",\"position\":2,\"name\":\"Zahtjevi i obrasci\"}]},{\"@type\":\"WebSite\",\"@id\":\"https:\/\/jkpvisoko.ba\/#website\",\"url\":\"https:\/\/jkpvisoko.ba\/\",\"name\":\"JKP Visoko\",\"description\":\"Zvani\u010dna stranica za Javno komunalno preduze\u0107e &quot;Visoko&quot;\",\"potentialAction\":[{\"@type\":\"SearchAction\",\"target\":{\"@type\":\"EntryPoint\",\"urlTemplate\":\"https:\/\/jkpvisoko.ba\/?s={search_term_string}\"},\"query-input\":\"required name=search_term_string\"}],\"inLanguage\":\"bs-BA\"}]}<\/script>\n<!-- \/ Yoast SEO plugin. -->","yoast_head_json":{"title":"Zahtjevi i obrasci - JKP Visoko","robots":{"index":"index","follow":"follow","max-snippet":"max-snippet:-1","max-image-preview":"max-image-preview:large","max-video-preview":"max-video-preview:-1"},"canonical":"https:\/\/jkpvisoko.ba\/?page_id=162","og_locale":"bs_BA","og_type":"article","og_title":"Zahtjevi i obrasci - JKP Visoko","og_description":"\u00a0 ZAHTJEV ZA NA\u010cELNU SAGLASNOST PRIKLJU\u010cENJE OBJEKTA NA VODOVODNU MRE\u017dU &#8211; FIZI\u010cKA LICA ZAHTJEV ZA NA\u010cELNU SAGLASNOST PRIKLJU\u010cENJE OBJEKTA NA VODOVODNU MRE\u017dU &#8211; PRAVNA LICA \u00a0 ZAHTJEV-ZA-PRIKLJUCAK-NA-GRADSKU-VODOVODNU-MREZU-FIZICKA-LICA \u00a0 ZAHTJEV-ZA-PRIKLJUCAK-NA-GRADSKU-VODOVODNU-MREZU-PRAVNA-LICA \u00a0 ZAHTJEV-ZA-PRIKLJUCAK-NA-GRADSKU-KANALIZACIONU-MREZU-FIZICKA-LICA \u00a0 ZAHTJEV-ZA-PRIKLJUCAK-NA-GRADSKU-KANALIZACIONU-MREZU-PRAVNA-LICA IZJAVA O DOSTAVI RA\u010cUNA ZA KOMUNALNE USLUGE ELEKTRONSKIM PUTEM-PRAVNA LICA \u00a0 IZJAVA O DOSTAVI RA\u010cUNA ZA KOMUNALNE USLUGE ELEKTRONSKIM PUTEM-FIZI\u010cKA LICA \u00a0 [&hellip;]","og_url":"https:\/\/jkpvisoko.ba\/?page_id=162","og_site_name":"JKP Visoko","article_modified_time":"2024-10-28T22:14:27+00:00","twitter_card":"summary_large_image","twitter_misc":{"Est. reading time":"1 minuta"},"schema":{"@context":"https:\/\/schema.org","@graph":[{"@type":"WebPage","@id":"https:\/\/jkpvisoko.ba\/?page_id=162","url":"https:\/\/jkpvisoko.ba\/?page_id=162","name":"Zahtjevi i obrasci - JKP Visoko","isPartOf":{"@id":"https:\/\/jkpvisoko.ba\/#website"},"datePublished":"2020-09-27T21:17:19+00:00","dateModified":"2024-10-28T22:14:27+00:00","breadcrumb":{"@id":"https:\/\/jkpvisoko.ba\/?page_id=162#breadcrumb"},"inLanguage":"bs-BA","potentialAction":[{"@type":"ReadAction","target":["https:\/\/jkpvisoko.ba\/?page_id=162"]}]},{"@type":"BreadcrumbList","@id":"https:\/\/jkpvisoko.ba\/?page_id=162#breadcrumb","itemListElement":[{"@type":"ListItem","position":1,"name":"Home","item":"https:\/\/jkpvisoko.ba\/"},{"@type":"ListItem","position":2,"name":"Zahtjevi i obrasci"}]},{"@type":"WebSite","@id":"https:\/\/jkpvisoko.ba\/#website","url":"https:\/\/jkpvisoko.ba\/","name":"JKP Visoko","description":"Zvani\u010dna stranica za Javno komunalno preduze\u0107e &quot;Visoko&quot;","potentialAction":[{"@type":"SearchAction","target":{"@type":"EntryPoint","urlTemplate":"https:\/\/jkpvisoko.ba\/?s={search_term_string}"},"query-input":"required name=search_term_string"}],"inLanguage":"bs-BA"}]}},"_links":{"self":[{"href":"https:\/\/jkpvisoko.ba\/index.php?rest_route=\/wp\/v2\/pages\/162","targetHints":{"allow":["GET"]}}],"collection":[{"href":"https:\/\/jkpvisoko.ba\/index.php?rest_route=\/wp\/v2\/pages"}],"about":[{"href":"https:\/\/jkpvisoko.ba\/index.php?rest_route=\/wp\/v2\/types\/page"}],"author":[{"embeddable":true,"href":"https:\/\/jkpvisoko.ba\/index.php?rest_route=\/wp\/v2\/users\/1"}],"replies":[{"embeddable":true,"href":"https:\/\/jkpvisoko.ba\/index.php?rest_route=%2Fwp%2Fv2%2Fcomments&post=162"}],"version-history":[{"count":62,"href":"https:\/\/jkpvisoko.ba\/index.php?rest_route=\/wp\/v2\/pages\/162\/revisions"}],"predecessor-version":[{"id":8225,"href":"https:\/\/jkpvisoko.ba\/index.php?rest_route=\/wp\/v2\/pages\/162\/revisions\/8225"}],"wp:attachment":[{"href":"https:\/\/jkpvisoko.ba\/index.php?rest_route=%2Fwp%2Fv2%2Fmedia&parent=162"}],"curies":[{"name":"wp","href":"https:\/\/api.w.org\/{rel}","templated":true}]}}